{"id":8517,"date":"2025-06-04T10:06:54","date_gmt":"2025-06-04T10:06:54","guid":{"rendered":"https:\/\/sigespana.es\/cosmetics\/"},"modified":"2025-11-05T14:59:21","modified_gmt":"2025-11-05T14:59:21","slug":"cosmetics","status":"publish","type":"page","link":"https:\/\/sigespana.es\/en\/services\/sectors\/cosmetics\/","title":{"rendered":"Cosmetics"},"content":{"rendered":"\n<div class=\"wp-block-cover alignfull is-light wp-duotone-unset-1\" style=\"padding-top:0;min-height:50vh;aspect-ratio:unset;\"><video class=\"wp-block-cover__video-background intrinsic-ignore\" autoplay muted loop playsinline src=\"https:\/\/sigespana.es\/wp-content\/uploads\/2025\/07\/Cosmetica-1.mp4\" data-object-fit=\"cover\"><\/video><span aria-hidden=\"true\" class=\"wp-block-cover__background has-background-dim wp-block-cover__gradient-background has-background-gradient has-custom-00305-a-gradient-background\"><\/span><div class=\"wp-block-cover__inner-container has-global-padding is-layout-constrained wp-block-cover-is-layout-constrained\">\n<div style=\"height:100px\" aria-hidden=\"true\" class=\"wp-block-spacer\"><\/div>\n\n\n\n<div class=\"wp-block-group is-layout-flow wp-container-core-group-is-layout-f4cbbbe9 wp-block-group-is-layout-flow\" style=\"margin-top:0;padding-top:0;padding-bottom:0\">\n<h1 class=\"wp-block-heading has-text-align-center has-primary-contrast-color has-text-color has-link-color wp-elements-69a177af68c0a5420b001212e75f225b\" style=\"font-size:clamp(2.815rem, 2.815rem + ((1vw - 0.2rem) * 4.791), 5.45rem);letter-spacing:0.01rem;line-height:1.1\">Cosmetics  <\/h1>\n\n\n\n<h4 class=\"wp-block-heading has-text-align-center has-primary-contrast-color has-text-color has-link-color wp-elements-77f249fa368ab52388666f842dc1bc09\">Updating planograms, Change of furniture, Opening of new stores &#8230;<\/h4>\n<\/div>\n<\/div><\/div>\n\n\n\n<div class=\"wp-block-group has-global-padding is-layout-constrained wp-block-group-is-layout-constrained\">\n<h2 class=\"wp-block-heading has-text-align-center\">We help you improve your customers&#8217; shopping experience.<\/h2>\n\n\n\n<div class=\"wp-block-group has-global-padding is-layout-constrained wp-block-group-is-layout-constrained\" style=\"padding-top:var(--wp--preset--spacing--60);padding-bottom:var(--wp--preset--spacing--60)\">\n<div class=\"wp-block-columns are-vertically-aligned-center is-layout-flex wp-container-core-columns-is-layout-28f84493 wp-block-columns-is-layout-flex\">\n<div class=\"wp-block-column is-vertically-aligned-center is-layout-flow wp-block-column-is-layout-flow\">\n<figure class=\"wp-block-image size-full has-custom-border\" style=\"margin-top:0;margin-bottom:0\"><img loading=\"lazy\" decoding=\"async\" width=\"1201\" height=\"682\" src=\"http:\/\/localhost:8000\/wp-content\/uploads\/2025\/07\/Captura-de-pantalla-2025-07-18-085221.png\" alt=\"\" class=\"wp-image-747\" style=\"border-radius:5px;aspect-ratio:16\/9;object-fit:cover\" srcset=\"https:\/\/sigespana.es\/wp-content\/uploads\/2025\/07\/Captura-de-pantalla-2025-07-18-085221.png 1201w, https:\/\/sigespana.es\/wp-content\/uploads\/2025\/07\/Captura-de-pantalla-2025-07-18-085221-300x170.png 300w, https:\/\/sigespana.es\/wp-content\/uploads\/2025\/07\/Captura-de-pantalla-2025-07-18-085221-768x436.png 768w, https:\/\/sigespana.es\/wp-content\/uploads\/2025\/07\/Captura-de-pantalla-2025-07-18-085221-1024x581.png 1024w\" sizes=\"auto, (max-width: 1201px) 100vw, 1201px\" \/><\/figure>\n<\/div>\n\n\n\n<div class=\"wp-block-column is-vertically-aligned-center is-layout-flow wp-block-column-is-layout-flow\">\n<div class=\"wp-block-group has-border-color has-primary-contrast-background-color has-background is-vertical is-content-justification-center is-layout-flex wp-container-core-group-is-layout-f0077621 wp-block-group-is-layout-flex\" style=\"border-color:#ebeced;border-width:1px;border-radius:8px;min-height:100%;padding-top:8px;padding-right:8px;padding-bottom:var(--wp--preset--spacing--50);padding-left:8px;box-shadow:var(--wp--preset--shadow--shadow-1)\">\n<div class=\"wp-block-group is-layout-flow wp-container-core-group-is-layout-2217ed64 wp-block-group-is-layout-flow\" style=\"padding-top:var(--wp--preset--spacing--30);padding-right:var(--wp--preset--spacing--40);padding-left:var(--wp--preset--spacing--40)\">\n<h4 class=\"wp-block-heading has-text-align-left has-secondary-color has-text-color has-link-color wp-elements-6b96b510a6d0e345a8112621f093e9a3\" style=\"margin-bottom:0\">Cosmetic planogram update<\/h4>\n\n\n\n<p class=\"has-text-align-left\">Cosmetics is a very dynamic sector, where products come and go all the time and where advertising campaigns are constantly changing. At SIG, we help brands to ensure that their points of sale are always up to date with their latest movements.<\/p>\n<\/div>\n<\/div>\n<\/div>\n<\/div>\n\n\n\n<div class=\"wp-block-columns are-vertically-aligned-center is-layout-flex wp-container-core-columns-is-layout-28f84493 wp-block-columns-is-layout-flex\">\n<div class=\"wp-block-column is-vertically-aligned-center is-layout-flow wp-block-column-is-layout-flow\">\n<div class=\"wp-block-group has-border-color has-primary-contrast-background-color has-background is-vertical is-content-justification-center is-layout-flex wp-container-core-group-is-layout-f0077621 wp-block-group-is-layout-flex\" style=\"border-color:#ebeced;border-width:1px;border-radius:8px;min-height:100%;padding-top:8px;padding-right:8px;padding-bottom:var(--wp--preset--spacing--50);padding-left:8px;box-shadow:var(--wp--preset--shadow--shadow-1)\">\n<div class=\"wp-block-group is-layout-flow wp-container-core-group-is-layout-2217ed64 wp-block-group-is-layout-flow\" style=\"padding-top:var(--wp--preset--spacing--30);padding-right:var(--wp--preset--spacing--40);padding-left:var(--wp--preset--spacing--40)\">\n<h4 class=\"wp-block-heading has-text-align-left has-secondary-color has-text-color has-link-color wp-elements-1a4bfa863f28220adfec66c1c2a325bd\" style=\"margin-bottom:0\"><strong><strong>Change of furniture Cosmetics<\/strong><\/strong><\/h4>\n\n\n\n<p class=\"has-text-align-left\">Maintaining the glamour of an in-store cosmetics brand requires an impeccable display, and that means constantly renewing the furnishings. At SIG we are experts in managing furniture replacement campaigns, whether massive or progressive, always ensuring a perfect execution.<\/p>\n<\/div>\n<\/div>\n<\/div>\n\n\n\n<div class=\"wp-block-column is-vertically-aligned-center is-layout-flow wp-block-column-is-layout-flow\">\n<figure class=\"wp-block-image size-full has-custom-border\" style=\"margin-top:0;margin-bottom:0\"><img loading=\"lazy\" decoding=\"async\" width=\"1282\" height=\"790\" src=\"https:\/\/sigespana.es\/wp-content\/uploads\/2025\/06\/Captura-de-pantalla-2025-07-18-085538.png\" alt=\"Punto de Venta Sector Cosm\u00e9tica\" class=\"wp-image-10696\" style=\"border-radius:5px;aspect-ratio:16\/9;object-fit:cover\" srcset=\"https:\/\/sigespana.es\/wp-content\/uploads\/2025\/06\/Captura-de-pantalla-2025-07-18-085538.png 1282w, https:\/\/sigespana.es\/wp-content\/uploads\/2025\/06\/Captura-de-pantalla-2025-07-18-085538-300x185.png 300w, https:\/\/sigespana.es\/wp-content\/uploads\/2025\/06\/Captura-de-pantalla-2025-07-18-085538-1024x631.png 1024w, https:\/\/sigespana.es\/wp-content\/uploads\/2025\/06\/Captura-de-pantalla-2025-07-18-085538-768x473.png 768w\" sizes=\"auto, (max-width: 1282px) 100vw, 1282px\" \/><\/figure>\n<\/div>\n<\/div>\n\n\n\n<div class=\"wp-block-columns are-vertically-aligned-center is-layout-flex wp-container-core-columns-is-layout-28f84493 wp-block-columns-is-layout-flex\">\n<div class=\"wp-block-column is-vertically-aligned-center is-layout-flow wp-block-column-is-layout-flow\">\n<figure class=\"wp-block-image size-full has-custom-border\" style=\"margin-top:0;margin-bottom:0\"><img loading=\"lazy\" decoding=\"async\" width=\"1560\" height=\"879\" src=\"http:\/\/localhost:8000\/wp-content\/uploads\/2025\/07\/Aperturas-01-01.png\" alt=\"\" class=\"wp-image-753\" style=\"border-radius:5px;aspect-ratio:16\/9;object-fit:cover\" srcset=\"https:\/\/sigespana.es\/wp-content\/uploads\/2025\/07\/Aperturas-01-01.png 1560w, https:\/\/sigespana.es\/wp-content\/uploads\/2025\/07\/Aperturas-01-01-300x169.png 300w, https:\/\/sigespana.es\/wp-content\/uploads\/2025\/07\/Aperturas-01-01-768x433.png 768w, https:\/\/sigespana.es\/wp-content\/uploads\/2025\/07\/Aperturas-01-01-1024x577.png 1024w, https:\/\/sigespana.es\/wp-content\/uploads\/2025\/07\/Aperturas-01-01-1536x865.png 1536w\" sizes=\"auto, (max-width: 1560px) 100vw, 1560px\" \/><\/figure>\n<\/div>\n\n\n\n<div class=\"wp-block-column is-vertically-aligned-center is-layout-flow wp-block-column-is-layout-flow\">\n<div class=\"wp-block-group has-border-color has-primary-contrast-background-color has-background is-vertical is-content-justification-center is-layout-flex wp-container-core-group-is-layout-f0077621 wp-block-group-is-layout-flex\" style=\"border-color:#ebeced;border-width:1px;border-radius:8px;min-height:100%;padding-top:8px;padding-right:8px;padding-bottom:var(--wp--preset--spacing--50);padding-left:8px;box-shadow:var(--wp--preset--shadow--shadow-1)\">\n<div class=\"wp-block-group is-layout-flow wp-container-core-group-is-layout-2217ed64 wp-block-group-is-layout-flow\" style=\"padding-top:var(--wp--preset--spacing--30);padding-right:var(--wp--preset--spacing--40);padding-left:var(--wp--preset--spacing--40)\">\n<h4 class=\"wp-block-heading has-text-align-left has-secondary-color has-text-color has-link-color wp-elements-8b1ddd4ec93a904bb0bd8b0fb0d48f68\" style=\"margin-bottom:0\">Opening new Cosmetics stores &#8211; all from scratch<\/h4>\n\n\n\n<p class=\"has-text-align-left\">Hundreds of new cosmetics outlets open every year. At SIG we coordinate with brands and retailers so that everything is ready: from the delivery and installation of the furniture to the correct product display and brand communication.<\/p>\n<\/div>\n<\/div>\n<\/div>\n<\/div>\n<\/div>\n\n\n\n<div class=\"wp-block-columns are-vertically-aligned-center is-not-stacked-on-mobile is-layout-flex wp-container-core-columns-is-layout-e0e4babd wp-block-columns-is-layout-flex\" style=\"padding-right:0;padding-left:0\">\n<div class=\"wp-block-column uag-hide-tab uag-hide-mob is-layout-flow wp-block-column-is-layout-flow\" style=\"flex-basis:10vw\"><\/div>\n\n\n\n<div class=\"wp-block-column is-vertically-aligned-center is-layout-flow wp-block-column-is-layout-flow\">\n<div class=\"wp-block-buttons is-content-justification-center is-nowrap is-layout-flex wp-container-core-buttons-is-layout-b3d90794 wp-block-buttons-is-layout-flex\">\n<div class=\"wp-block-button has-custom-width wp-block-button__width-100 is-style-outline is-style-outline--2\"><a class=\"wp-block-button__link has-text-align-center wp-element-button\" href=\"https:\/\/sigespana.es\/en\/services\/case-studies\" style=\"padding-right:0;padding-left:0\">Case Studies<\/a><\/div>\n<\/div>\n<\/div>\n\n\n\n<div class=\"wp-block-column is-vertically-aligned-center uag-hide-tab uag-hide-mob is-layout-flow wp-block-column-is-layout-flow\" style=\"flex-basis:15vw\"><\/div>\n\n\n\n<div class=\"wp-block-column is-vertically-aligned-center is-layout-flow wp-block-column-is-layout-flow\" style=\"padding-right:0;padding-left:0\">\n<div class=\"wp-block-buttons is-content-justification-center is-nowrap is-layout-flex wp-container-core-buttons-is-layout-b3d90794 wp-block-buttons-is-layout-flex\">\n<div class=\"wp-block-button has-custom-width wp-block-button__width-100 is-style-outline is-style-outline--3\"><a class=\"wp-block-button__link wp-element-button\" href=\"https:\/\/sigespana.es\/en\/contact\/\" style=\"padding-top:var(--wp--preset--spacing--20);padding-right:0;padding-bottom:var(--wp--preset--spacing--20);padding-left:0\">Contact<\/a><\/div>\n<\/div>\n<\/div>\n\n\n\n<div class=\"wp-block-column uag-hide-tab uag-hide-mob is-layout-flow wp-block-column-is-layout-flow\" style=\"flex-basis:10vw\"><\/div>\n<\/div>\n<\/div>\n\n\n\n<div style=\"height:30px\" aria-hidden=\"true\" class=\"wp-block-spacer\"><\/div>\n\n\n\n<div class=\"wp-block-group uag-hide-tab uag-hide-mob has-global-padding is-layout-constrained wp-block-group-is-layout-constrained\">\n<div class=\"wp-block-cover is-light\" style=\"border-radius:50px;padding-top:var(--wp--preset--spacing--60);padding-right:var(--wp--preset--spacing--70);padding-bottom:var(--wp--preset--spacing--60);padding-left:var(--wp--preset--spacing--70)\"><span aria-hidden=\"true\" class=\"wp-block-cover__background has-primary-background-color has-background-dim-60 has-background-dim\"><\/span><div class=\"wp-block-cover__inner-container has-global-padding is-layout-constrained wp-container-core-cover-is-layout-60295b12 wp-block-cover-is-layout-constrained\">\n<blockquote class=\"wp-block-quote is-layout-flow wp-block-quote-is-layout-flow\">\n<p class=\"has-text-align-center has-large-font-size\"><strong><strong>Our strengths in the cosmetics sector are threefold:<\/strong><\/strong><\/p>\n\n\n\n<p class=\"has-text-align-center\" style=\"font-size:clamp(14px, 0.875rem + ((1vw - 3.2px) * 0.682), 20px);\"><br><strong>Retailers: <\/strong>We are approved in all channel brands (FMGC and Perfumeries &amp; Cosmetics), and we work for more than 15 different chains.<br><br><strong>Logistics Partners:<\/strong> we work with partners that have processes and logistics tools that allow us to guarantee our customer both the service and real-time monitoring.<br><br><strong>The Team:<\/strong> We have a specific management team for Cosmetics, with a long experience in the sector, and at field level, we have a recurrent team, which has the sensitivity that this category needs.<\/p>\n<\/blockquote>\n<\/div><\/div>\n<\/div>\n\n\n\n<div class=\"wp-block-cover is-light uag-hide-desktop\" style=\"border-radius:0px;padding-top:var(--wp--preset--spacing--70);padding-right:var(--wp--preset--spacing--20);padding-bottom:var(--wp--preset--spacing--70);padding-left:var(--wp--preset--spacing--20)\"><span aria-hidden=\"true\" class=\"wp-block-cover__background has-primary-background-color has-background-dim-60 has-background-dim\"><\/span><div class=\"wp-block-cover__inner-container has-global-padding is-layout-constrained wp-container-core-cover-is-layout-4b4a5c6c wp-block-cover-is-layout-constrained\">\n<blockquote class=\"wp-block-quote is-layout-flow wp-block-quote-is-layout-flow\">\n<p class=\"has-text-align-center has-large-font-size\"><strong><strong>Our strengths in the cosmetics sector are threefold:<\/strong><\/strong><\/p>\n\n\n\n<p class=\"has-text-align-center\" style=\"font-size:clamp(14px, 0.875rem + ((1vw - 3.2px) * 0.682), 20px);\"><br><strong>Los Retailers: <\/strong>Estamos homologados en todas las ense\u00f1as del canal (FMGC y Perfumer\u00edas &amp; cosm\u00e9tica), y trabajamos para m\u00e1s de 15 cadenas distintas.<br><br><strong>Logistics Partners:<\/strong> we work with partners that have processes and logistics tools that allow us to guarantee our customer both the service and real-time monitoring.<br><br><strong>The Team:<\/strong> We have a specific management team for Cosmetics, with a long experience in the sector, and at field level, we have a recurrent team, which has the sensitivity that this category needs.<\/p>\n<\/blockquote>\n<\/div><\/div>\n\n\n\n<div style=\"height:30px\" aria-hidden=\"true\" class=\"wp-block-spacer uag-hide-tab uag-hide-mob\"><\/div>\n","protected":false},"excerpt":{"rendered":"<p>We help you improve your customers&#8217; shopping experience. Cosmetic planogram update Cosmetics is a very dynamic sector, where products come and go all the time and where advertising campaigns are constantly changing. At SIG, we help brands to ensure that their points of sale are always up to date with their latest movements. Change of [&hellip;]<\/p>\n","protected":false},"author":7,"featured_media":0,"parent":8623,"menu_order":0,"comment_status":"closed","ping_status":"closed","template":"","meta":{"_uag_custom_page_level_css":"","footnotes":""},"class_list":["post-8517","page","type-page","status-publish","hentry"],"yoast_head":"<!-- This site is optimized with the Yoast SEO plugin v27.2 - https:\/\/yoast.com\/product\/yoast-seo-wordpress\/ -->\n<title>Cosmetics sector consulting &amp; retail growth services | SIG Espa\u00f1a<\/title>\n<meta name=\"description\" content=\"Discover SIG Espa\u00f1a\u2019s consulting and retail growth services for the cosmetics sector in Europe, from brand strategy to point-of-sale execution and channel expansion\" \/>\n<meta name=\"robots\" content=\"index, follow, max-snippet:-1, max-image-preview:large, max-video-preview:-1\" \/>\n<link rel=\"canonical\" href=\"https:\/\/sigespana.es\/en\/services\/sectors\/cosmetics\/\" \/>\n<meta property=\"og:locale\" content=\"en_US\" \/>\n<meta property=\"og:type\" content=\"article\" \/>\n<meta property=\"og:title\" content=\"Cosmetics sector consulting &amp; retail growth services | SIG Espa\u00f1a\" \/>\n<meta property=\"og:description\" content=\"Discover SIG Espa\u00f1a\u2019s consulting and retail growth services for the cosmetics sector in Europe, from brand strategy to point-of-sale execution and channel expansion\" \/>\n<meta property=\"og:url\" content=\"https:\/\/sigespana.es\/en\/services\/sectors\/cosmetics\/\" \/>\n<meta property=\"og:site_name\" content=\"SIG SPAIN\" \/>\n<meta property=\"article:modified_time\" content=\"2025-11-05T14:59:21+00:00\" \/>\n<meta property=\"og:image\" content=\"https:\/\/sigespana.es\/wp-content\/uploads\/2025\/07\/Captura-de-pantalla-2025-07-18-085221.png\" \/>\n\t<meta property=\"og:image:width\" content=\"1201\" \/>\n\t<meta property=\"og:image:height\" content=\"682\" \/>\n\t<meta property=\"og:image:type\" content=\"image\/png\" \/>\n<meta name=\"twitter:card\" content=\"summary_large_image\" \/>\n<meta name=\"twitter:label1\" content=\"Est. reading time\" \/>\n\t<meta name=\"twitter:data1\" content=\"2 minutes\" \/>\n<script type=\"application\/ld+json\" class=\"yoast-schema-graph\">{\"@context\":\"https:\/\/schema.org\",\"@graph\":[{\"@type\":\"WebPage\",\"@id\":\"https:\/\/sigespana.es\/en\/services\/sectors\/cosmetics\/\",\"url\":\"https:\/\/sigespana.es\/en\/services\/sectors\/cosmetics\/\",\"name\":\"Cosmetics sector consulting & retail growth services | SIG Espa\u00f1a\",\"isPartOf\":{\"@id\":\"https:\/\/sigespana.es\/#website\"},\"primaryImageOfPage\":{\"@id\":\"https:\/\/sigespana.es\/en\/services\/sectors\/cosmetics\/#primaryimage\"},\"image\":{\"@id\":\"https:\/\/sigespana.es\/en\/services\/sectors\/cosmetics\/#primaryimage\"},\"thumbnailUrl\":\"http:\/\/localhost:8000\/wp-content\/uploads\/2025\/07\/Captura-de-pantalla-2025-07-18-085221.png\",\"datePublished\":\"2025-06-04T10:06:54+00:00\",\"dateModified\":\"2025-11-05T14:59:21+00:00\",\"description\":\"Discover SIG Espa\u00f1a\u2019s consulting and retail growth services for the cosmetics sector in Europe, from brand strategy to point-of-sale execution and channel expansion\",\"breadcrumb\":{\"@id\":\"https:\/\/sigespana.es\/en\/services\/sectors\/cosmetics\/#breadcrumb\"},\"inLanguage\":\"en-US\",\"potentialAction\":[{\"@type\":\"ReadAction\",\"target\":[\"https:\/\/sigespana.es\/en\/services\/sectors\/cosmetics\/\"]}]},{\"@type\":\"ImageObject\",\"inLanguage\":\"en-US\",\"@id\":\"https:\/\/sigespana.es\/en\/services\/sectors\/cosmetics\/#primaryimage\",\"url\":\"http:\/\/localhost:8000\/wp-content\/uploads\/2025\/07\/Captura-de-pantalla-2025-07-18-085221.png\",\"contentUrl\":\"http:\/\/localhost:8000\/wp-content\/uploads\/2025\/07\/Captura-de-pantalla-2025-07-18-085221.png\"},{\"@type\":\"BreadcrumbList\",\"@id\":\"https:\/\/sigespana.es\/en\/services\/sectors\/cosmetics\/#breadcrumb\",\"itemListElement\":[{\"@type\":\"ListItem\",\"position\":1,\"name\":\"Portada\",\"item\":\"https:\/\/sigespana.es\/en\/\"},{\"@type\":\"ListItem\",\"position\":2,\"name\":\"Services\",\"item\":\"https:\/\/sigespana.es\/en\/services\/\"},{\"@type\":\"ListItem\",\"position\":3,\"name\":\"Sectors\",\"item\":\"https:\/\/sigespana.es\/en\/services\/sectors\/\"},{\"@type\":\"ListItem\",\"position\":4,\"name\":\"Cosmetics\"}]},{\"@type\":\"WebSite\",\"@id\":\"https:\/\/sigespana.es\/#website\",\"url\":\"https:\/\/sigespana.es\/\",\"name\":\"SIG SPAIN\",\"description\":\"Field Marketing y Gesti\u00f3n del Punto de Venta\",\"publisher\":{\"@id\":\"https:\/\/sigespana.es\/#organization\"},\"potentialAction\":[{\"@type\":\"SearchAction\",\"target\":{\"@type\":\"EntryPoint\",\"urlTemplate\":\"https:\/\/sigespana.es\/?s={search_term_string}\"},\"query-input\":{\"@type\":\"PropertyValueSpecification\",\"valueRequired\":true,\"valueName\":\"search_term_string\"}}],\"inLanguage\":\"en-US\"},{\"@type\":\"Organization\",\"@id\":\"https:\/\/sigespana.es\/#organization\",\"name\":\"SIG SPAIN\",\"url\":\"https:\/\/sigespana.es\/\",\"logo\":{\"@type\":\"ImageObject\",\"inLanguage\":\"en-US\",\"@id\":\"https:\/\/sigespana.es\/#\/schema\/logo\/image\/\",\"url\":\"https:\/\/sigespana.es\/wp-content\/uploads\/2025\/06\/ALTERNATE-LOGOTYPE-WHITE-scaled.png\",\"contentUrl\":\"https:\/\/sigespana.es\/wp-content\/uploads\/2025\/06\/ALTERNATE-LOGOTYPE-WHITE-scaled.png\",\"width\":4801,\"height\":1381,\"caption\":\"SIG SPAIN\"},\"image\":{\"@id\":\"https:\/\/sigespana.es\/#\/schema\/logo\/image\/\"}}]}<\/script>\n<!-- \/ Yoast SEO plugin. -->","yoast_head_json":{"title":"Cosmetics sector consulting & retail growth services | SIG Espa\u00f1a","description":"Discover SIG Espa\u00f1a\u2019s consulting and retail growth services for the cosmetics sector in Europe, from brand strategy to point-of-sale execution and channel expansion","robots":{"index":"index","follow":"follow","max-snippet":"max-snippet:-1","max-image-preview":"max-image-preview:large","max-video-preview":"max-video-preview:-1"},"canonical":"https:\/\/sigespana.es\/en\/services\/sectors\/cosmetics\/","og_locale":"en_US","og_type":"article","og_title":"Cosmetics sector consulting & retail growth services | SIG Espa\u00f1a","og_description":"Discover SIG Espa\u00f1a\u2019s consulting and retail growth services for the cosmetics sector in Europe, from brand strategy to point-of-sale execution and channel expansion","og_url":"https:\/\/sigespana.es\/en\/services\/sectors\/cosmetics\/","og_site_name":"SIG SPAIN","article_modified_time":"2025-11-05T14:59:21+00:00","og_image":[{"width":1201,"height":682,"url":"https:\/\/sigespana.es\/wp-content\/uploads\/2025\/07\/Captura-de-pantalla-2025-07-18-085221.png","type":"image\/png"}],"twitter_card":"summary_large_image","twitter_misc":{"Est. reading time":"2 minutes"},"schema":{"@context":"https:\/\/schema.org","@graph":[{"@type":"WebPage","@id":"https:\/\/sigespana.es\/en\/services\/sectors\/cosmetics\/","url":"https:\/\/sigespana.es\/en\/services\/sectors\/cosmetics\/","name":"Cosmetics sector consulting & retail growth services | SIG Espa\u00f1a","isPartOf":{"@id":"https:\/\/sigespana.es\/#website"},"primaryImageOfPage":{"@id":"https:\/\/sigespana.es\/en\/services\/sectors\/cosmetics\/#primaryimage"},"image":{"@id":"https:\/\/sigespana.es\/en\/services\/sectors\/cosmetics\/#primaryimage"},"thumbnailUrl":"http:\/\/localhost:8000\/wp-content\/uploads\/2025\/07\/Captura-de-pantalla-2025-07-18-085221.png","datePublished":"2025-06-04T10:06:54+00:00","dateModified":"2025-11-05T14:59:21+00:00","description":"Discover SIG Espa\u00f1a\u2019s consulting and retail growth services for the cosmetics sector in Europe, from brand strategy to point-of-sale execution and channel expansion","breadcrumb":{"@id":"https:\/\/sigespana.es\/en\/services\/sectors\/cosmetics\/#breadcrumb"},"inLanguage":"en-US","potentialAction":[{"@type":"ReadAction","target":["https:\/\/sigespana.es\/en\/services\/sectors\/cosmetics\/"]}]},{"@type":"ImageObject","inLanguage":"en-US","@id":"https:\/\/sigespana.es\/en\/services\/sectors\/cosmetics\/#primaryimage","url":"http:\/\/localhost:8000\/wp-content\/uploads\/2025\/07\/Captura-de-pantalla-2025-07-18-085221.png","contentUrl":"http:\/\/localhost:8000\/wp-content\/uploads\/2025\/07\/Captura-de-pantalla-2025-07-18-085221.png"},{"@type":"BreadcrumbList","@id":"https:\/\/sigespana.es\/en\/services\/sectors\/cosmetics\/#breadcrumb","itemListElement":[{"@type":"ListItem","position":1,"name":"Portada","item":"https:\/\/sigespana.es\/en\/"},{"@type":"ListItem","position":2,"name":"Services","item":"https:\/\/sigespana.es\/en\/services\/"},{"@type":"ListItem","position":3,"name":"Sectors","item":"https:\/\/sigespana.es\/en\/services\/sectors\/"},{"@type":"ListItem","position":4,"name":"Cosmetics"}]},{"@type":"WebSite","@id":"https:\/\/sigespana.es\/#website","url":"https:\/\/sigespana.es\/","name":"SIG SPAIN","description":"Field Marketing y Gesti\u00f3n del Punto de Venta","publisher":{"@id":"https:\/\/sigespana.es\/#organization"},"potentialAction":[{"@type":"SearchAction","target":{"@type":"EntryPoint","urlTemplate":"https:\/\/sigespana.es\/?s={search_term_string}"},"query-input":{"@type":"PropertyValueSpecification","valueRequired":true,"valueName":"search_term_string"}}],"inLanguage":"en-US"},{"@type":"Organization","@id":"https:\/\/sigespana.es\/#organization","name":"SIG SPAIN","url":"https:\/\/sigespana.es\/","logo":{"@type":"ImageObject","inLanguage":"en-US","@id":"https:\/\/sigespana.es\/#\/schema\/logo\/image\/","url":"https:\/\/sigespana.es\/wp-content\/uploads\/2025\/06\/ALTERNATE-LOGOTYPE-WHITE-scaled.png","contentUrl":"https:\/\/sigespana.es\/wp-content\/uploads\/2025\/06\/ALTERNATE-LOGOTYPE-WHITE-scaled.png","width":4801,"height":1381,"caption":"SIG SPAIN"},"image":{"@id":"https:\/\/sigespana.es\/#\/schema\/logo\/image\/"}}]}},"uagb_featured_image_src":{"full":false,"thumbnail":false,"medium":false,"medium_large":false,"large":false,"1536x1536":false,"2048x2048":false},"uagb_author_info":{"display_name":"Ivan Gonzalez","author_link":"https:\/\/sigespana.es\/en\/author\/ivan-mindset\/"},"uagb_comment_info":0,"uagb_excerpt":"We help you improve your customers&#8217; shopping experience. Cosmetic planogram update Cosmetics is a very dynamic sector, where products come and go all the time and where advertising campaigns are constantly changing. At SIG, we help brands to ensure that their points of sale are always up to date with their latest movements. Change of&hellip;","_links":{"self":[{"href":"https:\/\/sigespana.es\/en\/wp-json\/wp\/v2\/pages\/8517","targetHints":{"allow":["GET"]}}],"collection":[{"href":"https:\/\/sigespana.es\/en\/wp-json\/wp\/v2\/pages"}],"about":[{"href":"https:\/\/sigespana.es\/en\/wp-json\/wp\/v2\/types\/page"}],"author":[{"embeddable":true,"href":"https:\/\/sigespana.es\/en\/wp-json\/wp\/v2\/users\/7"}],"replies":[{"embeddable":true,"href":"https:\/\/sigespana.es\/en\/wp-json\/wp\/v2\/comments?post=8517"}],"version-history":[{"count":13,"href":"https:\/\/sigespana.es\/en\/wp-json\/wp\/v2\/pages\/8517\/revisions"}],"predecessor-version":[{"id":10929,"href":"https:\/\/sigespana.es\/en\/wp-json\/wp\/v2\/pages\/8517\/revisions\/10929"}],"up":[{"embeddable":true,"href":"https:\/\/sigespana.es\/en\/wp-json\/wp\/v2\/pages\/8623"}],"wp:attachment":[{"href":"https:\/\/sigespana.es\/en\/wp-json\/wp\/v2\/media?parent=8517"}],"curies":[{"name":"wp","href":"https:\/\/api.w.org\/{rel}","templated":true}]}}